{"id":154,"date":"2022-01-21T07:27:34","date_gmt":"2022-01-21T07:27:34","guid":{"rendered":"http:\/\/energyvault.dk\/?page_id=154"},"modified":"2022-02-17T12:28:46","modified_gmt":"2022-02-17T12:28:46","slug":"udluftning","status":"publish","type":"page","link":"https:\/\/delibra.eu\/de\/udluftning\/","title":{"rendered":"Ein- und Auszug"},"content":{"rendered":"<div data-elementor-type=\"wp-page\" data-elementor-id=\"154\" class=\"elementor elementor-154\">\n\t\t\t\t\t\t<section class=\"elementor-section elementor-top-section elementor-element elementor-element-6b89372 elementor-section-boxed elementor-section-height-default elementor-section-height-default\" data-id=\"6b89372\" data-element_type=\"section\" data-e-type=\"section\">\n\t\t\t\t\t\t<div class=\"elementor-container elementor-column-gap-default\">\n\t\t\t\t\t<div class=\"elementor-column elementor-col-100 elementor-top-column elementor-element elementor-element-c65d545\" data-id=\"c65d545\" data-element_type=\"column\" data-e-type=\"column\">\n\t\t\t<div class=\"elementor-widget-wrap elementor-element-populated\">\n\t\t\t\t\t\t<section class=\"elementor-section elementor-inner-section elementor-element elementor-element-bec3ec2 elementor-section-boxed elementor-section-height-default elementor-section-height-default\" data-id=\"bec3ec2\" data-element_type=\"section\" data-e-type=\"section\">\n\t\t\t\t\t\t<div class=\"elementor-container elementor-column-gap-default\">\n\t\t\t\t\t<div class=\"elementor-column elementor-col-100 elementor-inner-column elementor-element elementor-element-03883b7\" data-id=\"03883b7\" data-element_type=\"column\" data-e-type=\"column\">\n\t\t\t<div class=\"elementor-widget-wrap elementor-element-populated\">\n\t\t\t\t\t\t<div class=\"elementor-element elementor-element-345a333 elementor-widget elementor-widget-text-editor\" data-id=\"345a333\" data-element_type=\"widget\" data-e-type=\"widget\" data-widget_type=\"text-editor.default\">\n\t\t\t\t<div class=\"elementor-widget-container\">\n\t\t\t\t\t\t\t\t\t<h3><span style=\"color: #6e844f;\"><b>Ein- und Auszug\u00a0<\/b><\/span><\/h3><p><span style=\"font-weight: 400;\">F\u00fcr Informationen zu Mietregelungen und Ein- und Auszug senden Sie bitte eine E-Mail an Info@delibra.eu. Dann melden wir uns schnellstm\u00f6glich bei Ihnen zur\u00fcck.<\/span><\/p><p><span style=\"font-weight: 400;\">-<\/span><\/p><p><span style=\"font-weight: 400;\">-<\/span><\/p><p><span style=\"font-weight: 400;\">-\u00a0<\/span><\/p><h3><span style=\"color: #6e844f;\"><b>-<\/b><\/span><\/h3><p><span style=\"font-weight: 400;\">-<\/span><span style=\"font-weight: 400;\">-<\/span><\/p><p><span style=\"font-weight: 400;\">-<\/span><\/p><p><span style=\"font-weight: 400;\">-<\/span><\/p><p><span style=\"font-weight: 400;\">-\u00a0<\/span><\/p><p><span style=\"font-weight: 400;\">-<\/span><\/p><p><span style=\"font-weight: 400;\">-<\/span><\/p><p><span style=\"font-weight: 400;\">-<\/span><\/p><p><span style=\"font-weight: 400;\">-<\/span><\/p><p><span style=\"font-weight: 400;\">-<\/span><\/p>\t\t\t\t\t\t\t\t<\/div>\n\t\t\t\t<\/div>\n\t\t\t\t\t<\/div>\n\t\t<\/div>\n\t\t\t\t\t<\/div>\n\t\t<\/section>\n\t\t\t\t\t<\/div>\n\t\t<\/div>\n\t\t\t\t\t<\/div>\n\t\t<\/section>\n\t\t\t\t<section class=\"elementor-section elementor-top-section elementor-element elementor-element-e91fe60 elementor-section-boxed elementor-section-height-default elementor-section-height-default\" data-id=\"e91fe60\" data-element_type=\"section\" data-e-type=\"section\">\n\t\t\t\t\t\t<div class=\"elementor-container elementor-column-gap-default\">\n\t\t\t\t\t<div class=\"elementor-column elementor-col-100 elementor-top-column elementor-element elementor-element-920fe3c\" data-id=\"920fe3c\" data-element_type=\"column\" data-e-type=\"column\">\n\t\t\t<div class=\"elementor-widget-wrap elementor-element-populated\">\n\t\t\t\t\t\t<section class=\"elementor-section elementor-inner-section elementor-element elementor-element-e3a11f3 elementor-section-boxed elementor-section-height-default elementor-section-height-default\" data-id=\"e3a11f3\" data-element_type=\"section\" data-e-type=\"section\">\n\t\t\t\t\t\t<div class=\"elementor-container elementor-column-gap-default\">\n\t\t\t\t\t<div class=\"elementor-column elementor-col-100 elementor-inner-column elementor-element elementor-element-27687eb\" data-id=\"27687eb\" data-element_type=\"column\" data-e-type=\"column\">\n\t\t\t<div class=\"elementor-widget-wrap elementor-element-populated\">\n\t\t\t\t\t\t<div class=\"elementor-element elementor-element-b3434c9 elementor-align-center elementor-widget elementor-widget-button\" data-id=\"b3434c9\" data-element_type=\"widget\" data-e-type=\"widget\" data-widget_type=\"button.default\">\n\t\t\t\t<div class=\"elementor-widget-container\">\n\t\t\t\t\t\t\t\t\t<div class=\"elementor-button-wrapper\">\n\t\t\t\t\t<a class=\"elementor-button elementor-button-link elementor-size-lg\" href=\"https:\/\/delibra.eu\/wp-content\/uploads\/2022\/02\/Ind-og-udflytningsrapport-1.pdf\" target=\"_blank\">\n\t\t\t\t\t\t<span class=\"elementor-button-content-wrapper\">\n\t\t\t\t\t\t\t\t\t<span class=\"elementor-button-text\">-<\/span>\n\t\t\t\t\t<\/span>\n\t\t\t\t\t<\/a>\n\t\t\t\t<\/div>\n\t\t\t\t\t\t\t\t<\/div>\n\t\t\t\t<\/div>\n\t\t\t\t\t<\/div>\n\t\t<\/div>\n\t\t\t\t\t<\/div>\n\t\t<\/section>\n\t\t\t\t\t<\/div>\n\t\t<\/div>\n\t\t\t\t\t<\/div>\n\t\t<\/section>\n\t\t\t\t<section class=\"elementor-section elementor-top-section elementor-element elementor-element-9b113b9 elementor-section-full_width elementor-section-stretched elementor-section-height-default elementor-section-height-default\" data-id=\"9b113b9\" data-element_type=\"section\" data-e-type=\"section\" data-settings=\"{&quot;background_background&quot;:&quot;classic&quot;,&quot;stretch_section&quot;:&quot;section-stretched&quot;}\">\n\t\t\t\t\t\t<div class=\"elementor-container elementor-column-gap-no\">\n\t\t\t\t\t<div class=\"elementor-column elementor-col-100 elementor-top-column elementor-element elementor-element-f462ab7\" data-id=\"f462ab7\" data-element_type=\"column\" data-e-type=\"column\">\n\t\t\t<div class=\"elementor-widget-wrap elementor-element-populated\">\n\t\t\t\t\t\t<section class=\"elementor-section elementor-inner-section elementor-element elementor-element-5c48b06 elementor-section-boxed elementor-section-height-default elementor-section-height-default\" data-id=\"5c48b06\" data-element_type=\"section\" data-e-type=\"section\">\n\t\t\t\t\t\t<div class=\"elementor-container elementor-column-gap-default\">\n\t\t\t\t\t<div class=\"elementor-column elementor-col-33 elementor-inner-column elementor-element elementor-element-4da4f3c\" data-id=\"4da4f3c\" data-element_type=\"column\" data-e-type=\"column\">\n\t\t\t<div class=\"elementor-widget-wrap elementor-element-populated\">\n\t\t\t\t\t\t<div class=\"elementor-element elementor-element-66afece elementor-widget elementor-widget-text-editor\" data-id=\"66afece\" data-element_type=\"widget\" data-e-type=\"widget\" data-widget_type=\"text-editor.default\">\n\t\t\t\t<div class=\"elementor-widget-container\">\n\t\t\t\t\t\t\t\t\t<p><b>DELIBRA GmbH<br \/><\/b>Gro\u00dfe Strasse 52<br \/>D-24937 Flensburg<\/p>\t\t\t\t\t\t\t\t<\/div>\n\t\t\t\t<\/div>\n\t\t\t\t\t<\/div>\n\t\t<\/div>\n\t\t\t\t<div class=\"elementor-column elementor-col-33 elementor-inner-column elementor-element elementor-element-337f023\" data-id=\"337f023\" data-element_type=\"column\" data-e-type=\"column\">\n\t\t\t<div class=\"elementor-widget-wrap elementor-element-populated\">\n\t\t\t\t\t\t<div class=\"elementor-element elementor-element-a61945e elementor-widget elementor-widget-text-editor\" data-id=\"a61945e\" data-element_type=\"widget\" data-e-type=\"widget\" data-widget_type=\"text-editor.default\">\n\t\t\t\t<div class=\"elementor-widget-container\">\n\t\t\t\t\t\t\t\t\t<p><b>DELIBRA ApS<br \/><\/b>Hermesvej 15<br \/>6330 Padborg<\/p>\t\t\t\t\t\t\t\t<\/div>\n\t\t\t\t<\/div>\n\t\t\t\t\t<\/div>\n\t\t<\/div>\n\t\t\t\t<div class=\"elementor-column elementor-col-33 elementor-inner-column elementor-element elementor-element-7890ffd\" data-id=\"7890ffd\" data-element_type=\"column\" data-e-type=\"column\">\n\t\t\t<div class=\"elementor-widget-wrap elementor-element-populated\">\n\t\t\t\t\t\t<div class=\"elementor-element elementor-element-e3c9a07 elementor-widget elementor-widget-image\" data-id=\"e3c9a07\" data-element_type=\"widget\" data-e-type=\"widget\" data-widget_type=\"image.default\">\n\t\t\t\t<div class=\"elementor-widget-container\">\n\t\t\t\t\t\t\t\t\t\t\t\t\t\t\t<img decoding=\"async\" width=\"200\" height=\"81\" src=\"https:\/\/delibra.eu\/wp-content\/uploads\/2022\/01\/cropped-Design-uden-navn-4.png\" class=\"attachment-large size-large wp-image-345\" alt=\"\" \/>\t\t\t\t\t\t\t\t\t\t\t\t\t\t\t<\/div>\n\t\t\t\t<\/div>\n\t\t\t\t<div class=\"elementor-element elementor-element-e1a6ecf elementor-widget elementor-widget-text-editor\" data-id=\"e1a6ecf\" data-element_type=\"widget\" data-e-type=\"widget\" data-widget_type=\"text-editor.default\">\n\t\t\t\t<div class=\"elementor-widget-container\">\n\t\t\t\t\t\t\t\t\t<p class=\"p1\"><span class=\"s1\">Mail: <strong><span class=\"s2\">mail@delibra.eu<\/span><\/strong><\/span><\/p>\t\t\t\t\t\t\t\t<\/div>\n\t\t\t\t<\/div>\n\t\t\t\t\t<\/div>\n\t\t<\/div>\n\t\t\t\t\t<\/div>\n\t\t<\/section>\n\t\t\t\t\t<\/div>\n\t\t<\/div>\n\t\t\t\t\t<\/div>\n\t\t<\/section>\n\t\t\t\t<\/div>","protected":false},"excerpt":{"rendered":"<p>Indflytning ved et lejem\u00e5l hos Delibra\u00a0 Har du indg\u00e5et aftale om leje af et lejem\u00e5l hos Delibra, vil vi udarbejde en kontrakt til dig. Kontrakten sendes p\u00e5 mail hvor kontrakten underskrives og tilbagesendes til mail@delibra.dk. Sammen med kontrakten er der bankoplysninger til brug for betaling af depositum, forudbetalt leje samt 1. m\u00e5neds leje, varme m.m.&hellip;&nbsp;<a href=\"https:\/\/delibra.eu\/de\/udluftning\/\" rel=\"bookmark\">Weiterlesen &raquo;<span class=\"screen-reader-text\">Ein- und Auszug<\/span><\/a><\/p>","protected":false},"author":2,"featured_media":492,"parent":0,"menu_order":0,"comment_status":"closed","ping_status":"closed","template":"page-templates\/template-pagebuilder-full-width.php","meta":{"neve_meta_sidebar":"","neve_meta_container":"","neve_meta_enable_content_width":"","neve_meta_content_width":0,"neve_meta_title_alignment":"","neve_meta_author_avatar":"","neve_post_elements_order":"","neve_meta_disable_header":"","neve_meta_disable_footer":"","neve_meta_disable_title":"","footnotes":""},"class_list":["post-154","page","type-page","status-publish","has-post-thumbnail","hentry"],"_links":{"self":[{"href":"https:\/\/delibra.eu\/de\/wp-json\/wp\/v2\/pages\/154","targetHints":{"allow":["GET"]}}],"collection":[{"href":"https:\/\/delibra.eu\/de\/wp-json\/wp\/v2\/pages"}],"about":[{"href":"https:\/\/delibra.eu\/de\/wp-json\/wp\/v2\/types\/page"}],"author":[{"embeddable":true,"href":"https:\/\/delibra.eu\/de\/wp-json\/wp\/v2\/users\/2"}],"replies":[{"embeddable":true,"href":"https:\/\/delibra.eu\/de\/wp-json\/wp\/v2\/comments?post=154"}],"version-history":[{"count":44,"href":"https:\/\/delibra.eu\/de\/wp-json\/wp\/v2\/pages\/154\/revisions"}],"predecessor-version":[{"id":1663,"href":"https:\/\/delibra.eu\/de\/wp-json\/wp\/v2\/pages\/154\/revisions\/1663"}],"wp:featuredmedia":[{"embeddable":true,"href":"https:\/\/delibra.eu\/de\/wp-json\/wp\/v2\/media\/492"}],"wp:attachment":[{"href":"https:\/\/delibra.eu\/de\/wp-json\/wp\/v2\/media?parent=154"}],"curies":[{"name":"wp","href":"https:\/\/api.w.org\/{rel}","templated":true}]}}