{"id":152,"date":"2022-01-21T07:27:23","date_gmt":"2022-01-21T07:27:23","guid":{"rendered":"http:\/\/energyvault.dk\/?page_id=152"},"modified":"2022-02-18T10:33:20","modified_gmt":"2022-02-18T10:33:20","slug":"huslejeregler","status":"publish","type":"page","link":"https:\/\/delibra.eu\/de\/huslejeregler\/","title":{"rendered":"Mietregeln"},"content":{"rendered":"<div data-elementor-type=\"wp-page\" data-elementor-id=\"152\" class=\"elementor elementor-152\">\n\t\t\t\t\t\t<section class=\"elementor-section elementor-top-section elementor-element elementor-element-7cc4b81 elementor-section-boxed elementor-section-height-default elementor-section-height-default\" data-id=\"7cc4b81\" data-element_type=\"section\" data-e-type=\"section\">\n\t\t\t\t\t\t<div class=\"elementor-container elementor-column-gap-default\">\n\t\t\t\t\t<div class=\"elementor-column elementor-col-100 elementor-top-column elementor-element elementor-element-0103b9d\" data-id=\"0103b9d\" data-element_type=\"column\" data-e-type=\"column\">\n\t\t\t<div class=\"elementor-widget-wrap elementor-element-populated\">\n\t\t\t\t\t\t<div class=\"elementor-element elementor-element-7be680cc elementor-widget elementor-widget-text-editor\" data-id=\"7be680cc\" data-element_type=\"widget\" data-e-type=\"widget\" data-widget_type=\"text-editor.default\">\n\t\t\t\t<div class=\"elementor-widget-container\">\n\t\t\t\t\t\t\t\t\t<p><\/p>\n<h3 style=\"text-align: center;\"><span style=\"color: #6e844f;\">Hausregeln<\/span><\/h3>\n<p><strong>-<\/strong><br \/>F\u00fcr Informationen zu Mietregelungen und Ein- und Auszug senden Sie bitte eine E-Mail an Info@delibra.eu. Dann melden wir uns schnellstm\u00f6glich bei Ihnen zur\u00fcck.<\/p>\n<p><strong>-<\/strong><br \/>-<\/p>\n<p><strong>-<\/strong><br \/>-<br \/>-<\/p>\n<p><strong>-<\/strong><br \/>-<\/p>\n<p><strong>-<\/strong><br \/>-<br \/>-<br \/>-<\/p>\n<p><strong>-<\/strong> -<\/p>\n<p><strong>-<\/strong><br \/>-<\/p>\n<p><strong>-<\/strong><\/p>\n<p>-<br \/>-<br \/>-<br \/>-<\/p>\n<p>-<\/p>\n<p><span style=\"letter-spacing: 0.2px; text-transform: var(--bodyTextTransform);\">-<\/span><\/p>\n<p>-<br \/><br \/>-<br \/><br \/>-<br \/><br \/>-<br \/><br \/>-<br \/><br \/>-<br \/><br \/>-<\/p>\n<p>-<\/p>\n<p>-<br \/>-<\/p>\n<p>-<\/p>\n<p><em>-<\/em><\/p>\n<p><strong>-<\/strong><br \/>-<\/p>\n<p><strong>-<\/strong><br \/>-<\/p>\n<p>-<\/p>\n<p><\/p>\t\t\t\t\t\t\t\t<\/div>\n\t\t\t\t<\/div>\n\t\t\t\t<div class=\"elementor-element elementor-element-bb3cd07 elementor-align-center elementor-widget elementor-widget-button\" data-id=\"bb3cd07\" data-element_type=\"widget\" data-e-type=\"widget\" data-widget_type=\"button.default\">\n\t\t\t\t<div class=\"elementor-widget-container\">\n\t\t\t\t\t\t\t\t\t<div class=\"elementor-button-wrapper\">\n\t\t\t\t\t<a class=\"elementor-button elementor-button-link elementor-size-lg\" href=\"https:\/\/delibra.eu\/wp-content\/uploads\/2022\/02\/HUSORDEN.pdf\" target=\"_blank\">\n\t\t\t\t\t\t<span class=\"elementor-button-content-wrapper\">\n\t\t\t\t\t\t\t\t\t<span class=\"elementor-button-text\">-<\/span>\n\t\t\t\t\t<\/span>\n\t\t\t\t\t<\/a>\n\t\t\t\t<\/div>\n\t\t\t\t\t\t\t\t<\/div>\n\t\t\t\t<\/div>\n\t\t\t\t\t<\/div>\n\t\t<\/div>\n\t\t\t\t\t<\/div>\n\t\t<\/section>\n\t\t\t\t<section class=\"elementor-section elementor-top-section elementor-element elementor-element-54b2fd1 elementor-section-full_width elementor-section-stretched elementor-section-height-default elementor-section-height-default\" data-id=\"54b2fd1\" data-element_type=\"section\" data-e-type=\"section\" data-settings=\"{&quot;background_background&quot;:&quot;classic&quot;,&quot;stretch_section&quot;:&quot;section-stretched&quot;}\">\n\t\t\t\t\t\t<div class=\"elementor-container elementor-column-gap-no\">\n\t\t\t\t\t<div class=\"elementor-column elementor-col-100 elementor-top-column elementor-element elementor-element-490fa0c\" data-id=\"490fa0c\" data-element_type=\"column\" data-e-type=\"column\">\n\t\t\t<div class=\"elementor-widget-wrap elementor-element-populated\">\n\t\t\t\t\t\t<section class=\"elementor-section elementor-inner-section elementor-element elementor-element-1526a61 elementor-section-boxed elementor-section-height-default elementor-section-height-default\" data-id=\"1526a61\" data-element_type=\"section\" data-e-type=\"section\">\n\t\t\t\t\t\t<div class=\"elementor-container elementor-column-gap-default\">\n\t\t\t\t\t<div class=\"elementor-column elementor-col-33 elementor-inner-column elementor-element elementor-element-2868c2e\" data-id=\"2868c2e\" data-element_type=\"column\" data-e-type=\"column\">\n\t\t\t<div class=\"elementor-widget-wrap elementor-element-populated\">\n\t\t\t\t\t\t<div class=\"elementor-element elementor-element-3f17280 elementor-widget elementor-widget-text-editor\" data-id=\"3f17280\" data-element_type=\"widget\" data-e-type=\"widget\" data-widget_type=\"text-editor.default\">\n\t\t\t\t<div class=\"elementor-widget-container\">\n\t\t\t\t\t\t\t\t\t<p><b>DELIBRA GmbH<br \/><\/b>Gro\u00dfe Strasse 52<br \/>D-24937 Flensburg<\/p>\t\t\t\t\t\t\t\t<\/div>\n\t\t\t\t<\/div>\n\t\t\t\t\t<\/div>\n\t\t<\/div>\n\t\t\t\t<div class=\"elementor-column elementor-col-33 elementor-inner-column elementor-element elementor-element-85c2ab2\" data-id=\"85c2ab2\" data-element_type=\"column\" data-e-type=\"column\">\n\t\t\t<div class=\"elementor-widget-wrap elementor-element-populated\">\n\t\t\t\t\t\t<div class=\"elementor-element elementor-element-63f3c9b elementor-widget elementor-widget-text-editor\" data-id=\"63f3c9b\" data-element_type=\"widget\" data-e-type=\"widget\" data-widget_type=\"text-editor.default\">\n\t\t\t\t<div class=\"elementor-widget-container\">\n\t\t\t\t\t\t\t\t\t<p><b>DELIBRA ApS<br \/><\/b>Hermesvej 15<br \/>6330 Padborg<\/p>\t\t\t\t\t\t\t\t<\/div>\n\t\t\t\t<\/div>\n\t\t\t\t\t<\/div>\n\t\t<\/div>\n\t\t\t\t<div class=\"elementor-column elementor-col-33 elementor-inner-column elementor-element elementor-element-8e5650d\" data-id=\"8e5650d\" data-element_type=\"column\" data-e-type=\"column\">\n\t\t\t<div class=\"elementor-widget-wrap elementor-element-populated\">\n\t\t\t\t\t\t<div class=\"elementor-element elementor-element-1a8c97e elementor-widget elementor-widget-image\" data-id=\"1a8c97e\" data-element_type=\"widget\" data-e-type=\"widget\" data-widget_type=\"image.default\">\n\t\t\t\t<div class=\"elementor-widget-container\">\n\t\t\t\t\t\t\t\t\t\t\t\t\t\t\t<img decoding=\"async\" width=\"200\" height=\"81\" src=\"https:\/\/delibra.eu\/wp-content\/uploads\/2022\/01\/cropped-Design-uden-navn-4.png\" class=\"attachment-large size-large wp-image-345\" alt=\"\" \/>\t\t\t\t\t\t\t\t\t\t\t\t\t\t\t<\/div>\n\t\t\t\t<\/div>\n\t\t\t\t<div class=\"elementor-element elementor-element-72a3f3c elementor-widget elementor-widget-text-editor\" data-id=\"72a3f3c\" data-element_type=\"widget\" data-e-type=\"widget\" data-widget_type=\"text-editor.default\">\n\t\t\t\t<div class=\"elementor-widget-container\">\n\t\t\t\t\t\t\t\t\t<p class=\"p1\"><span class=\"s1\">Mail: <strong><span class=\"s2\">mail@delibra.eu<\/span><\/strong><\/span><\/p>\t\t\t\t\t\t\t\t<\/div>\n\t\t\t\t<\/div>\n\t\t\t\t\t<\/div>\n\t\t<\/div>\n\t\t\t\t\t<\/div>\n\t\t<\/section>\n\t\t\t\t\t<\/div>\n\t\t<\/div>\n\t\t\t\t\t<\/div>\n\t\t<\/section>\n\t\t\t\t<\/div>","protected":false},"excerpt":{"rendered":"<p>Husorden 1.GENERELTDenne HUSORDEN er g\u00e6ldende som vilk\u00e5r til den indg\u00e5ede lejekontrakt, og lejeren er forpligtet til at overholde de heri fastsatte bestemmelser jfr. Lejelovens \u00a7 27 stk. 2. Lejeren er endvidere forpligtet til at s\u00f8rge for, at husordensreglerne ogs\u00e5 overholdes af medlemmer af lejerens husstand, samt de personer og g\u00e6ster, som bes\u00f8ger lejeren eller opholder&hellip;&nbsp;<a href=\"https:\/\/delibra.eu\/de\/huslejeregler\/\" rel=\"bookmark\">Weiterlesen &raquo;<span class=\"screen-reader-text\">Mietregeln<\/span><\/a><\/p>","protected":false},"author":2,"featured_media":662,"parent":0,"menu_order":0,"comment_status":"closed","ping_status":"closed","template":"","meta":{"neve_meta_sidebar":"default","neve_meta_container":"default","neve_meta_enable_content_width":"","neve_meta_content_width":0,"neve_meta_title_alignment":"","neve_meta_author_avatar":"","neve_post_elements_order":"","neve_meta_disable_header":"off","neve_meta_disable_footer":"","neve_meta_disable_title":"","footnotes":""},"class_list":["post-152","page","type-page","status-publish","has-post-thumbnail","hentry"],"_links":{"self":[{"href":"https:\/\/delibra.eu\/de\/wp-json\/wp\/v2\/pages\/152","targetHints":{"allow":["GET"]}}],"collection":[{"href":"https:\/\/delibra.eu\/de\/wp-json\/wp\/v2\/pages"}],"about":[{"href":"https:\/\/delibra.eu\/de\/wp-json\/wp\/v2\/types\/page"}],"author":[{"embeddable":true,"href":"https:\/\/delibra.eu\/de\/wp-json\/wp\/v2\/users\/2"}],"replies":[{"embeddable":true,"href":"https:\/\/delibra.eu\/de\/wp-json\/wp\/v2\/comments?post=152"}],"version-history":[{"count":175,"href":"https:\/\/delibra.eu\/de\/wp-json\/wp\/v2\/pages\/152\/revisions"}],"predecessor-version":[{"id":1758,"href":"https:\/\/delibra.eu\/de\/wp-json\/wp\/v2\/pages\/152\/revisions\/1758"}],"wp:featuredmedia":[{"embeddable":true,"href":"https:\/\/delibra.eu\/de\/wp-json\/wp\/v2\/media\/662"}],"wp:attachment":[{"href":"https:\/\/delibra.eu\/de\/wp-json\/wp\/v2\/media?parent=152"}],"curies":[{"name":"wp","href":"https:\/\/api.w.org\/{rel}","templated":true}]}}