{"id":126,"date":"2022-01-21T06:46:59","date_gmt":"2022-01-21T06:46:59","guid":{"rendered":"http:\/\/energyvault.dk\/?page_id=126"},"modified":"2022-02-14T10:58:33","modified_gmt":"2022-02-14T10:58:33","slug":"investor","status":"publish","type":"page","link":"https:\/\/delibra.eu\/de\/investor\/","title":{"rendered":"Investor"},"content":{"rendered":"<div data-elementor-type=\"wp-page\" data-elementor-id=\"126\" class=\"elementor elementor-126\">\n\t\t\t\t\t\t<section class=\"elementor-section elementor-top-section elementor-element elementor-element-55164fc8 elementor-section-boxed elementor-section-height-default elementor-section-height-default\" data-id=\"55164fc8\" data-element_type=\"section\" data-e-type=\"section\">\n\t\t\t\t\t\t<div class=\"elementor-container elementor-column-gap-default\">\n\t\t\t\t\t<div class=\"elementor-column elementor-col-100 elementor-top-column elementor-element elementor-element-6a8324f7\" data-id=\"6a8324f7\" data-element_type=\"column\" data-e-type=\"column\">\n\t\t\t<div class=\"elementor-widget-wrap elementor-element-populated\">\n\t\t\t\t\t\t<div class=\"elementor-element elementor-element-22997085 elementor-widget elementor-widget-text-editor\" data-id=\"22997085\" data-element_type=\"widget\" data-e-type=\"widget\" data-widget_type=\"text-editor.default\">\n\t\t\t\t<div class=\"elementor-widget-container\">\n\t\t\t\t\t\t\t\t\t<p><\/p>\n<h3 class=\"wp-block-heading\"><strong>Warum einen Partner f\u00fcr den Wohnungsmarkt suchen?<\/strong><\/h3>\n<p><span style=\"font-weight: 400;\">Viele Anleger k\u00f6nnen die Vorteile einer Investition in den deutschen und d\u00e4nischen Wohnungsmarkt leicht erkennen, wurden jedoch bisher davon abgeschreckt. Entweder aufgrund der Sprachbarriere oder aufgrund fehlender Kenntnisse \u00fcber den deutschen oder d\u00e4nischen Wohnungsmarkt. Hinzu kommt, dass der Wohnungsmarkt generell als un\u00fcberschaubares und unzug\u00e4ngliches Gebilde erscheinen kann. Die Arbeit ist auch zeitaufw\u00e4ndig und es k\u00f6nnen leicht Fehler gemacht werden.<\/span><\/p>\n<p><span style=\"font-weight: 400;\">Hier ist es wichtig, einen Partner mit Expertise auf diesem Gebiet zu finden, um sicherzustellen, dass die eigenen Investitionen ordnungsgem\u00e4\u00df gehandhabt werden und kein Geld und keine Zeit verschwendet werden.<\/span><\/p>\n<p><\/p>\n<p><\/p>\n<p><\/p>\t\t\t\t\t\t\t\t<\/div>\n\t\t\t\t<\/div>\n\t\t\t\t\t<\/div>\n\t\t<\/div>\n\t\t\t\t\t<\/div>\n\t\t<\/section>\n\t\t\t\t<section class=\"elementor-section elementor-top-section elementor-element elementor-element-6470a90 elementor-section-boxed elementor-section-height-default elementor-section-height-default\" data-id=\"6470a90\" data-element_type=\"section\" data-e-type=\"section\">\n\t\t\t\t\t\t<div class=\"elementor-container elementor-column-gap-default\">\n\t\t\t\t\t<div class=\"elementor-column elementor-col-100 elementor-top-column elementor-element elementor-element-55274cc\" data-id=\"55274cc\" data-element_type=\"column\" data-e-type=\"column\">\n\t\t\t<div class=\"elementor-widget-wrap elementor-element-populated\">\n\t\t\t\t\t\t<section class=\"elementor-section elementor-inner-section elementor-element elementor-element-ba8be71 elementor-section-boxed elementor-section-height-default elementor-section-height-default\" data-id=\"ba8be71\" data-element_type=\"section\" data-e-type=\"section\">\n\t\t\t\t\t\t<div class=\"elementor-container elementor-column-gap-default\">\n\t\t\t\t\t<div class=\"elementor-column elementor-col-100 elementor-inner-column elementor-element elementor-element-46dc2a2\" data-id=\"46dc2a2\" data-element_type=\"column\" data-e-type=\"column\">\n\t\t\t<div class=\"elementor-widget-wrap elementor-element-populated\">\n\t\t\t\t\t\t<div class=\"elementor-element elementor-element-9e8f55b elementor-widget elementor-widget-text-editor\" data-id=\"9e8f55b\" data-element_type=\"widget\" data-e-type=\"widget\" data-widget_type=\"text-editor.default\">\n\t\t\t\t<div class=\"elementor-widget-container\">\n\t\t\t\t\t\t\t\t\t<h3>Investitionen und Unternehmen<\/h3>\n<p><span style=\"font-weight: 400;\">Wir bieten L\u00f6sungen f\u00fcr externe Investoren, die einen starken Partner f\u00fcr die Entwicklung von Portfolios \/ Immobilien suchen. Hier k\u00f6nnen wir mit Hilfe unserer Erfahrung, unseres Netzwerks und unseres Expertenwissens bei der Marktrecherche, der Einholung von Genehmigungen, Informationen zur Gesetzgebung, der Kontaktaufnahme mit relevanten Partnern rund um den Bau der Immobilie sowie der anschlie\u00dfenden Verwaltung helfen. Diese Zusammenarbeit findet oft im Zusammenhang mit Optimierung und Vertrieb statt.<\/span><span style=\"font-weight: 400;\"><br \/><\/span><\/p>\n<p><span style=\"font-weight: 400;\">Dar\u00fcber hinaus \u00fcbernehmen wir seit mehreren Jahren die Verwaltung von Immobilien f\u00fcr Banken im Zusammenhang mit der Sicherung der Kreditvergabe der Banken. Dies beinhaltet unter anderem das Handling der Finanzobjekte sowie deren Optimierung und Ver\u00e4u\u00dferung.<\/span><span style=\"font-weight: 400;\"><br \/><\/span><\/p>\n<p><span style=\"font-weight: 400;\">Kontaktieren Sie uns f\u00fcr weitere Informationen und erfahren Sie mehr \u00fcber die Optionen, die wir anbieten k\u00f6nnen.<\/span><\/p>\n<p><span style=\"font-weight: 400;\">Diese Parameter gelten sowohl f\u00fcr D\u00e4nemark als auch f\u00fcr Deutschland.<\/span><\/p>\t\t\t\t\t\t\t\t<\/div>\n\t\t\t\t<\/div>\n\t\t\t\t\t<\/div>\n\t\t<\/div>\n\t\t\t\t\t<\/div>\n\t\t<\/section>\n\t\t\t\t\t<\/div>\n\t\t<\/div>\n\t\t\t\t\t<\/div>\n\t\t<\/section>\n\t\t\t\t<section class=\"elementor-section elementor-top-section elementor-element elementor-element-f8687a4 elementor-section-full_width elementor-section-stretched elementor-section-height-default elementor-section-height-default\" data-id=\"f8687a4\" data-element_type=\"section\" data-e-type=\"section\" data-settings=\"{&quot;background_background&quot;:&quot;classic&quot;,&quot;stretch_section&quot;:&quot;section-stretched&quot;}\">\n\t\t\t\t\t\t<div class=\"elementor-container elementor-column-gap-no\">\n\t\t\t\t\t<div class=\"elementor-column elementor-col-100 elementor-top-column elementor-element elementor-element-2120fdf\" data-id=\"2120fdf\" data-element_type=\"column\" data-e-type=\"column\">\n\t\t\t<div class=\"elementor-widget-wrap elementor-element-populated\">\n\t\t\t\t\t\t<section class=\"elementor-section elementor-inner-section elementor-element elementor-element-039efdb elementor-section-boxed elementor-section-height-default elementor-section-height-default\" data-id=\"039efdb\" data-element_type=\"section\" data-e-type=\"section\">\n\t\t\t\t\t\t<div class=\"elementor-container elementor-column-gap-default\">\n\t\t\t\t\t<div class=\"elementor-column elementor-col-33 elementor-inner-column elementor-element elementor-element-1ade887\" data-id=\"1ade887\" data-element_type=\"column\" data-e-type=\"column\">\n\t\t\t<div class=\"elementor-widget-wrap elementor-element-populated\">\n\t\t\t\t\t\t<div class=\"elementor-element elementor-element-b14bff5 elementor-widget elementor-widget-text-editor\" data-id=\"b14bff5\" data-element_type=\"widget\" data-e-type=\"widget\" data-widget_type=\"text-editor.default\">\n\t\t\t\t<div class=\"elementor-widget-container\">\n\t\t\t\t\t\t\t\t\t<p><b>DELIBRA GmbH<br \/><\/b>Gro\u00dfe Strasse 52<br \/>D-24937 Flensburg<\/p>\t\t\t\t\t\t\t\t<\/div>\n\t\t\t\t<\/div>\n\t\t\t\t\t<\/div>\n\t\t<\/div>\n\t\t\t\t<div class=\"elementor-column elementor-col-33 elementor-inner-column elementor-element elementor-element-538333f\" data-id=\"538333f\" data-element_type=\"column\" data-e-type=\"column\">\n\t\t\t<div class=\"elementor-widget-wrap elementor-element-populated\">\n\t\t\t\t\t\t<div class=\"elementor-element elementor-element-a7cdf88 elementor-widget elementor-widget-text-editor\" data-id=\"a7cdf88\" data-element_type=\"widget\" data-e-type=\"widget\" data-widget_type=\"text-editor.default\">\n\t\t\t\t<div class=\"elementor-widget-container\">\n\t\t\t\t\t\t\t\t\t<p><b>DELIBRA ApS<br \/><\/b>Hermesvej 15<br \/>6330 Padborg<\/p>\t\t\t\t\t\t\t\t<\/div>\n\t\t\t\t<\/div>\n\t\t\t\t\t<\/div>\n\t\t<\/div>\n\t\t\t\t<div class=\"elementor-column elementor-col-33 elementor-inner-column elementor-element elementor-element-615e072\" data-id=\"615e072\" data-element_type=\"column\" data-e-type=\"column\">\n\t\t\t<div class=\"elementor-widget-wrap elementor-element-populated\">\n\t\t\t\t\t\t<div class=\"elementor-element elementor-element-78ba937 elementor-widget elementor-widget-image\" data-id=\"78ba937\" data-element_type=\"widget\" data-e-type=\"widget\" data-widget_type=\"image.default\">\n\t\t\t\t<div class=\"elementor-widget-container\">\n\t\t\t\t\t\t\t\t\t\t\t\t\t\t\t<img decoding=\"async\" width=\"200\" height=\"81\" src=\"https:\/\/delibra.eu\/wp-content\/uploads\/2022\/01\/cropped-Design-uden-navn-4.png\" class=\"attachment-large size-large wp-image-345\" alt=\"\" \/>\t\t\t\t\t\t\t\t\t\t\t\t\t\t\t<\/div>\n\t\t\t\t<\/div>\n\t\t\t\t<div class=\"elementor-element elementor-element-d8be1d8 elementor-widget elementor-widget-text-editor\" data-id=\"d8be1d8\" data-element_type=\"widget\" data-e-type=\"widget\" data-widget_type=\"text-editor.default\">\n\t\t\t\t<div class=\"elementor-widget-container\">\n\t\t\t\t\t\t\t\t\t<p class=\"p1\"><span class=\"s1\">Mail: <strong><span class=\"s2\">mail@delibra.eu<\/span><\/strong><\/span><\/p>\t\t\t\t\t\t\t\t<\/div>\n\t\t\t\t<\/div>\n\t\t\t\t\t<\/div>\n\t\t<\/div>\n\t\t\t\t\t<\/div>\n\t\t<\/section>\n\t\t\t\t\t<\/div>\n\t\t<\/div>\n\t\t\t\t\t<\/div>\n\t\t<\/section>\n\t\t\t\t<\/div>","protected":false},"excerpt":{"rendered":"<p>Hvorfor finde en partner til boligmarkedet? Mange investorer kan sagtens se fordelene i at investere i det tyske og danske boligmarked, men er indtil videre blevet afholdt fra det. Enten p\u00e5 grund af sprogbarrieren, eller p\u00e5 grund af manglende viden omkring det tyske eller danske boligmarked. Ud over dette kan boligmarkedet helt generelt fremst\u00e5 som&hellip;&nbsp;<a href=\"https:\/\/delibra.eu\/de\/investor\/\" rel=\"bookmark\">Weiterlesen &raquo;<span class=\"screen-reader-text\">Investor<\/span><\/a><\/p>","protected":false},"author":2,"featured_media":629,"parent":0,"menu_order":0,"comment_status":"closed","ping_status":"closed","template":"","meta":{"neve_meta_sidebar":"","neve_meta_container":"","neve_meta_enable_content_width":"","neve_meta_content_width":0,"neve_meta_title_alignment":"","neve_meta_author_avatar":"","neve_post_elements_order":"","neve_meta_disable_header":"","neve_meta_disable_footer":"","neve_meta_disable_title":"","footnotes":""},"class_list":["post-126","page","type-page","status-publish","has-post-thumbnail","hentry"],"_links":{"self":[{"href":"https:\/\/delibra.eu\/de\/wp-json\/wp\/v2\/pages\/126","targetHints":{"allow":["GET"]}}],"collection":[{"href":"https:\/\/delibra.eu\/de\/wp-json\/wp\/v2\/pages"}],"about":[{"href":"https:\/\/delibra.eu\/de\/wp-json\/wp\/v2\/types\/page"}],"author":[{"embeddable":true,"href":"https:\/\/delibra.eu\/de\/wp-json\/wp\/v2\/users\/2"}],"replies":[{"embeddable":true,"href":"https:\/\/delibra.eu\/de\/wp-json\/wp\/v2\/comments?post=126"}],"version-history":[{"count":56,"href":"https:\/\/delibra.eu\/de\/wp-json\/wp\/v2\/pages\/126\/revisions"}],"predecessor-version":[{"id":1573,"href":"https:\/\/delibra.eu\/de\/wp-json\/wp\/v2\/pages\/126\/revisions\/1573"}],"wp:featuredmedia":[{"embeddable":true,"href":"https:\/\/delibra.eu\/de\/wp-json\/wp\/v2\/media\/629"}],"wp:attachment":[{"href":"https:\/\/delibra.eu\/de\/wp-json\/wp\/v2\/media?parent=126"}],"curies":[{"name":"wp","href":"https:\/\/api.w.org\/{rel}","templated":true}]}}