{"id":1192,"date":"2022-01-31T08:56:02","date_gmt":"2022-01-31T08:56:02","guid":{"rendered":"https:\/\/energyvault.dk\/?page_id=1192"},"modified":"2022-02-15T11:30:07","modified_gmt":"2022-02-15T11:30:07","slug":"om-os","status":"publish","type":"page","link":"https:\/\/delibra.eu\/de\/om-os\/","title":{"rendered":"\u00dcber uns"},"content":{"rendered":"<div data-elementor-type=\"wp-page\" data-elementor-id=\"1192\" class=\"elementor elementor-1192\">\n\t\t\t\t\t\t<section class=\"elementor-section elementor-top-section elementor-element elementor-element-53262bcb elementor-section-stretched elementor-section-boxed elementor-section-height-default elementor-section-height-default\" data-id=\"53262bcb\" data-element_type=\"section\" data-e-type=\"section\" data-settings=\"{&quot;stretch_section&quot;:&quot;section-stretched&quot;,&quot;background_background&quot;:&quot;classic&quot;}\">\n\t\t\t\t\t\t<div class=\"elementor-container elementor-column-gap-default\">\n\t\t\t\t\t<div class=\"elementor-column elementor-col-100 elementor-top-column elementor-element elementor-element-41d76086\" data-id=\"41d76086\" data-element_type=\"column\" data-e-type=\"column\" data-settings=\"{&quot;background_background&quot;:&quot;classic&quot;}\">\n\t\t\t<div class=\"elementor-widget-wrap elementor-element-populated\">\n\t\t\t\t\t\t<div class=\"elementor-element elementor-element-1e846838 elementor-widget elementor-widget-text-editor\" data-id=\"1e846838\" data-element_type=\"widget\" data-e-type=\"widget\" data-widget_type=\"text-editor.default\">\n\t\t\t\t<div class=\"elementor-widget-container\">\n\t\t\t\t\t\t\t\t\t<h3>Profile<\/h3><p><span style=\"font-weight: 400;\">Delibra wurde 2007 gegr\u00fcndet und hat sich in den letzten 15 Jahren zu einem stabilen und gut funktionierenden Unternehmen entwickelt. Bis heute ist Delibra ein inhabergef\u00fchrtes Unternehmen mit insgesamt 4 Mitarbeitern, die am Hauptsitz in der Flensburger Innenstadt angesiedelt sind. Neben dem Hauptsitz in Flensburg hat Delibra eine Niederlassung in Padborg, was den Kontakt zu d\u00e4nischen Stakeholdern erleichtert.\u00a0<\/span><\/p><p><span style=\"font-weight: 400;\">Das prim\u00e4re Immobilienportfolio befindet sich in Flensburg und Kolding, wobei der Schwerpunkt in Flensburg liegt. Wir erweitern st\u00e4ndig unser Portfolio, wobei unsere Schwerpunkte derzeit in Kolding und Flensburg liegen.<\/span><\/p>\t\t\t\t\t\t\t\t<\/div>\n\t\t\t\t<\/div>\n\t\t\t\t\t<\/div>\n\t\t<\/div>\n\t\t\t\t\t<\/div>\n\t\t<\/section>\n\t\t\t\t<section class=\"elementor-section elementor-top-section elementor-element elementor-element-5b12193 elementor-section-boxed elementor-section-height-default elementor-section-height-default\" data-id=\"5b12193\" data-element_type=\"section\" data-e-type=\"section\" data-settings=\"{&quot;background_background&quot;:&quot;classic&quot;}\">\n\t\t\t\t\t\t<div class=\"elementor-container elementor-column-gap-default\">\n\t\t\t\t\t<div class=\"elementor-column elementor-col-100 elementor-top-column elementor-element elementor-element-862e830\" data-id=\"862e830\" data-element_type=\"column\" data-e-type=\"column\">\n\t\t\t<div class=\"elementor-widget-wrap elementor-element-populated\">\n\t\t\t\t\t\t<section class=\"elementor-section elementor-inner-section elementor-element elementor-element-69d3456 elementor-section-boxed elementor-section-height-default elementor-section-height-default\" data-id=\"69d3456\" data-element_type=\"section\" data-e-type=\"section\">\n\t\t\t\t\t\t<div class=\"elementor-container elementor-column-gap-default\">\n\t\t\t\t\t<div class=\"elementor-column elementor-col-100 elementor-inner-column elementor-element elementor-element-35213ab\" data-id=\"35213ab\" data-element_type=\"column\" data-e-type=\"column\">\n\t\t\t<div class=\"elementor-widget-wrap elementor-element-populated\">\n\t\t\t\t\t\t<div class=\"elementor-element elementor-element-ede1304 elementor-arrows-position-inside elementor-widget elementor-widget-image-carousel\" data-id=\"ede1304\" data-element_type=\"widget\" data-e-type=\"widget\" data-settings=\"{&quot;slides_to_show&quot;:&quot;4&quot;,&quot;navigation&quot;:&quot;arrows&quot;,&quot;autoplay_speed&quot;:4000,&quot;autoplay&quot;:&quot;yes&quot;,&quot;pause_on_hover&quot;:&quot;yes&quot;,&quot;pause_on_interaction&quot;:&quot;yes&quot;,&quot;infinite&quot;:&quot;yes&quot;,&quot;speed&quot;:500,&quot;image_spacing_custom&quot;:{&quot;unit&quot;:&quot;px&quot;,&quot;size&quot;:20,&quot;sizes&quot;:[]},&quot;image_spacing_custom_tablet&quot;:{&quot;unit&quot;:&quot;px&quot;,&quot;size&quot;:&quot;&quot;,&quot;sizes&quot;:[]},&quot;image_spacing_custom_mobile&quot;:{&quot;unit&quot;:&quot;px&quot;,&quot;size&quot;:&quot;&quot;,&quot;sizes&quot;:[]}}\" data-widget_type=\"image-carousel.default\">\n\t\t\t\t<div class=\"elementor-widget-container\">\n\t\t\t\t\t\t\t<div class=\"elementor-image-carousel-wrapper swiper\" role=\"region\" aria-roledescription=\"carousel\" aria-label=\"Bild Karussell\" dir=\"ltr\">\n\t\t\t<div class=\"elementor-image-carousel swiper-wrapper\" aria-live=\"off\">\n\t\t\t\t\t\t\t\t<div class=\"swiper-slide\" role=\"group\" aria-roledescription=\"slide\" aria-label=\"1 von 8\" data-no-translation-aria-label=\"\"><a data-elementor-open-lightbox=\"yes\" data-elementor-lightbox-slideshow=\"ede1304\" data-elementor-lightbox-title=\"Udviklingsejendomme\" data-e-action-hash=\"#elementor-action%3Aaction%3Dlightbox%26settings%3DeyJpZCI6MTYyNiwidXJsIjoiaHR0cHM6XC9cL2RlbGlicmEuZXVcL3dwLWNvbnRlbnRcL3VwbG9hZHNcLzIwMjJcLzAyXC9VZHZpa2xpbmdzZWplbmRvbW1lLTEuanBnIiwic2xpZGVzaG93IjoiZWRlMTMwNCJ9\" href=\"https:\/\/delibra.eu\/wp-content\/uploads\/2022\/02\/Udviklingsejendomme-1.jpg\"><figure class=\"swiper-slide-inner\"><img decoding=\"async\" class=\"swiper-slide-image\" src=\"https:\/\/delibra.eu\/wp-content\/uploads\/2022\/02\/Udviklingsejendomme-1-930x620.jpg\" alt=\"Udviklingsejendomme\" \/><\/figure><\/a><\/div><div class=\"swiper-slide\" role=\"group\" aria-roledescription=\"slide\" aria-label=\"2 von 8\" data-no-translation-aria-label=\"\"><a data-elementor-open-lightbox=\"yes\" data-elementor-lightbox-slideshow=\"ede1304\" data-elementor-lightbox-title=\"Delibra1\" data-e-action-hash=\"#elementor-action%3Aaction%3Dlightbox%26settings%3DeyJpZCI6MTYxNiwidXJsIjoiaHR0cHM6XC9cL2RlbGlicmEuZXVcL3dwLWNvbnRlbnRcL3VwbG9hZHNcLzIwMjJcLzAyXC9EZWxpYnJhMS5qcGciLCJzbGlkZXNob3ciOiJlZGUxMzA0In0%3D\" href=\"https:\/\/delibra.eu\/wp-content\/uploads\/2022\/02\/Delibra1.jpg\"><figure class=\"swiper-slide-inner\"><img decoding=\"async\" class=\"swiper-slide-image\" src=\"https:\/\/delibra.eu\/wp-content\/uploads\/2022\/02\/Delibra1-930x620.jpg\" alt=\"Delibra1\" \/><\/figure><\/a><\/div><div class=\"swiper-slide\" role=\"group\" aria-roledescription=\"slide\" aria-label=\"3 von 8\" data-no-translation-aria-label=\"\"><a data-elementor-open-lightbox=\"yes\" data-elementor-lightbox-slideshow=\"ede1304\" data-elementor-lightbox-title=\"Delibra2\" data-e-action-hash=\"#elementor-action%3Aaction%3Dlightbox%26settings%3DeyJpZCI6MTYxNywidXJsIjoiaHR0cHM6XC9cL2RlbGlicmEuZXVcL3dwLWNvbnRlbnRcL3VwbG9hZHNcLzIwMjJcLzAyXC9EZWxpYnJhMi5qcGciLCJzbGlkZXNob3ciOiJlZGUxMzA0In0%3D\" href=\"https:\/\/delibra.eu\/wp-content\/uploads\/2022\/02\/Delibra2.jpg\"><figure class=\"swiper-slide-inner\"><img decoding=\"async\" class=\"swiper-slide-image\" src=\"https:\/\/delibra.eu\/wp-content\/uploads\/2022\/02\/Delibra2-930x620.jpg\" alt=\"Delibra2\" \/><\/figure><\/a><\/div><div class=\"swiper-slide\" role=\"group\" aria-roledescription=\"slide\" aria-label=\"4 von 8\" data-no-translation-aria-label=\"\"><a data-elementor-open-lightbox=\"yes\" data-elementor-lightbox-slideshow=\"ede1304\" data-elementor-lightbox-title=\"Delibra3\" data-e-action-hash=\"#elementor-action%3Aaction%3Dlightbox%26settings%3DeyJpZCI6MTYxOCwidXJsIjoiaHR0cHM6XC9cL2RlbGlicmEuZXVcL3dwLWNvbnRlbnRcL3VwbG9hZHNcLzIwMjJcLzAyXC9EZWxpYnJhMy5qcGciLCJzbGlkZXNob3ciOiJlZGUxMzA0In0%3D\" href=\"https:\/\/delibra.eu\/wp-content\/uploads\/2022\/02\/Delibra3.jpg\"><figure class=\"swiper-slide-inner\"><img decoding=\"async\" class=\"swiper-slide-image\" src=\"https:\/\/delibra.eu\/wp-content\/uploads\/2022\/02\/Delibra3-930x620.jpg\" alt=\"Delibra3\" \/><\/figure><\/a><\/div><div class=\"swiper-slide\" role=\"group\" aria-roledescription=\"slide\" aria-label=\"5 von 8\" data-no-translation-aria-label=\"\"><a data-elementor-open-lightbox=\"yes\" data-elementor-lightbox-slideshow=\"ede1304\" data-elementor-lightbox-title=\"Nybyggeri\" data-e-action-hash=\"#elementor-action%3Aaction%3Dlightbox%26settings%3DeyJpZCI6MTYyMiwidXJsIjoiaHR0cHM6XC9cL2RlbGlicmEuZXVcL3dwLWNvbnRlbnRcL3VwbG9hZHNcLzIwMjJcLzAyXC9OeWJ5Z2dlcmktMS5qcGciLCJzbGlkZXNob3ciOiJlZGUxMzA0In0%3D\" href=\"https:\/\/delibra.eu\/wp-content\/uploads\/2022\/02\/Nybyggeri-1.jpg\"><figure class=\"swiper-slide-inner\"><img decoding=\"async\" class=\"swiper-slide-image\" src=\"https:\/\/delibra.eu\/wp-content\/uploads\/2022\/02\/Nybyggeri-1-930x620.jpg\" alt=\"Nybyggeri\" \/><\/figure><\/a><\/div><div class=\"swiper-slide\" role=\"group\" aria-roledescription=\"slide\" aria-label=\"6 von 8\" data-no-translation-aria-label=\"\"><a data-elementor-open-lightbox=\"yes\" data-elementor-lightbox-slideshow=\"ede1304\" data-elementor-lightbox-title=\"Delibra4\" data-e-action-hash=\"#elementor-action%3Aaction%3Dlightbox%26settings%3DeyJpZCI6MTYxOSwidXJsIjoiaHR0cHM6XC9cL2RlbGlicmEuZXVcL3dwLWNvbnRlbnRcL3VwbG9hZHNcLzIwMjJcLzAyXC9EZWxpYnJhNC5qcGciLCJzbGlkZXNob3ciOiJlZGUxMzA0In0%3D\" href=\"https:\/\/delibra.eu\/wp-content\/uploads\/2022\/02\/Delibra4.jpg\"><figure class=\"swiper-slide-inner\"><img decoding=\"async\" class=\"swiper-slide-image\" src=\"https:\/\/delibra.eu\/wp-content\/uploads\/2022\/02\/Delibra4-930x620.jpg\" alt=\"Delibra4\" \/><\/figure><\/a><\/div><div class=\"swiper-slide\" role=\"group\" aria-roledescription=\"slide\" aria-label=\"7 von 8\" data-no-translation-aria-label=\"\"><a data-elementor-open-lightbox=\"yes\" data-elementor-lightbox-slideshow=\"ede1304\" data-elementor-lightbox-title=\"Trappeopgang\" data-e-action-hash=\"#elementor-action%3Aaction%3Dlightbox%26settings%3DeyJpZCI6MTYyMywidXJsIjoiaHR0cHM6XC9cL2RlbGlicmEuZXVcL3dwLWNvbnRlbnRcL3VwbG9hZHNcLzIwMjJcLzAyXC9UcmFwcGVvcGdhbmcuanBlZyIsInNsaWRlc2hvdyI6ImVkZTEzMDQifQ%3D%3D\" href=\"https:\/\/delibra.eu\/wp-content\/uploads\/2022\/02\/Trappeopgang.jpeg\"><figure class=\"swiper-slide-inner\"><img decoding=\"async\" class=\"swiper-slide-image\" src=\"https:\/\/delibra.eu\/wp-content\/uploads\/2022\/02\/Trappeopgang-930x620.jpeg\" alt=\"Trappeopgang\" \/><\/figure><\/a><\/div><div class=\"swiper-slide\" role=\"group\" aria-roledescription=\"slide\" aria-label=\"8 von 8\" data-no-translation-aria-label=\"\"><a data-elementor-open-lightbox=\"yes\" data-elementor-lightbox-slideshow=\"ede1304\" data-elementor-lightbox-title=\"Nybyggeri2\" data-e-action-hash=\"#elementor-action%3Aaction%3Dlightbox%26settings%3DeyJpZCI6MTY0NSwidXJsIjoiaHR0cHM6XC9cL2RlbGlicmEuZXVcL3dwLWNvbnRlbnRcL3VwbG9hZHNcLzIwMjJcLzAyXC9OeWJ5Z2dlcmkyLmpwZyIsInNsaWRlc2hvdyI6ImVkZTEzMDQifQ%3D%3D\" href=\"https:\/\/delibra.eu\/wp-content\/uploads\/2022\/02\/Nybyggeri2.jpg\"><figure class=\"swiper-slide-inner\"><img decoding=\"async\" class=\"swiper-slide-image\" src=\"https:\/\/delibra.eu\/wp-content\/uploads\/2022\/02\/Nybyggeri2-930x620.jpg\" alt=\"Nybyggeri2\" \/><\/figure><\/a><\/div>\t\t\t<\/div>\n\t\t\t\t\t\t\t\t\t\t\t\t<div class=\"elementor-swiper-button elementor-swiper-button-prev\" role=\"button\" tabindex=\"0\">\n\t\t\t\t\t\t<i aria-hidden=\"true\" class=\"eicon-chevron-left\"><\/i>\t\t\t\t\t<\/div>\n\t\t\t\t\t<div class=\"elementor-swiper-button elementor-swiper-button-next\" role=\"button\" tabindex=\"0\">\n\t\t\t\t\t\t<i aria-hidden=\"true\" class=\"eicon-chevron-right\"><\/i>\t\t\t\t\t<\/div>\n\t\t\t\t\n\t\t\t\t\t\t\t\t\t<\/div>\n\t\t\t\t\t\t<\/div>\n\t\t\t\t<\/div>\n\t\t\t\t\t<\/div>\n\t\t<\/div>\n\t\t\t\t\t<\/div>\n\t\t<\/section>\n\t\t\t\t\t<\/div>\n\t\t<\/div>\n\t\t\t\t\t<\/div>\n\t\t<\/section>\n\t\t\t\t<section class=\"elementor-section elementor-top-section elementor-element elementor-element-549ed39 elementor-section-boxed elementor-section-height-default elementor-section-height-default\" data-id=\"549ed39\" data-element_type=\"section\" data-e-type=\"section\">\n\t\t\t\t\t\t<div class=\"elementor-container elementor-column-gap-default\">\n\t\t\t\t\t<div class=\"elementor-column elementor-col-100 elementor-top-column elementor-element elementor-element-614a902\" data-id=\"614a902\" data-element_type=\"column\" data-e-type=\"column\">\n\t\t\t<div class=\"elementor-widget-wrap elementor-element-populated\">\n\t\t\t\t\t\t<section class=\"elementor-section elementor-inner-section elementor-element elementor-element-bcbfcb1 elementor-section-boxed elementor-section-height-default elementor-section-height-default\" data-id=\"bcbfcb1\" data-element_type=\"section\" data-e-type=\"section\">\n\t\t\t\t\t\t<div class=\"elementor-container elementor-column-gap-default\">\n\t\t\t\t\t<div class=\"elementor-column elementor-col-100 elementor-inner-column elementor-element elementor-element-7b973da\" data-id=\"7b973da\" data-element_type=\"column\" data-e-type=\"column\">\n\t\t\t<div class=\"elementor-widget-wrap elementor-element-populated\">\n\t\t\t\t\t\t<div class=\"elementor-element elementor-element-0e887b0 elementor-widget elementor-widget-text-editor\" data-id=\"0e887b0\" data-element_type=\"widget\" data-e-type=\"widget\" data-widget_type=\"text-editor.default\">\n\t\t\t\t<div class=\"elementor-widget-container\">\n\t\t\t\t\t\t\t\t\t<h3>Was bieten wir an?<\/h3><p>Seit 15 Jahren sind wir f\u00fcr die Verwaltung und Entwicklung unseres eigenen Portfolios verantwortlich, wobei es sich um den Kauf, Verkauf, die Vermietung und den Bau von Immobilien handelt.\u00a0<\/p><p>Dar\u00fcber hinaus bieten wir L\u00f6sungen f\u00fcr externe Investoren an, die einen starken Partner f\u00fcr die Entwicklung von Portfolios \/ Immobilien suchen. Hier k\u00f6nnen wir mit Hilfe unserer Erfahrung, unseres Netzwerks und unseres Expertenwissens bei der Marktrecherche, der Einholung von Genehmigungen, Informationen zur Gesetzgebung, der Kontaktaufnahme mit relevanten Partnern rund um den Bau der Immobilie sowie der anschlie\u00dfenden Verwaltung helfen. Diese Zusammenarbeit findet oft im Zusammenhang mit Optimierung und Vertrieb statt.<\/p><p>Dar\u00fcber hinaus \u00fcbernehmen wir seit mehreren Jahren die Verwaltung von Immobilien f\u00fcr Banken im Zusammenhang mit der Sicherung der Kreditvergabe der Banken. Dies beinhaltet unter anderem das Handling der Finanzobjekte sowie deren Optimierung und Ver\u00e4u\u00dferung.\u00a0<\/p><p>Diese Parameter gelten sowohl f\u00fcr D\u00e4nemark als auch f\u00fcr Deutschland.<\/p>\t\t\t\t\t\t\t\t<\/div>\n\t\t\t\t<\/div>\n\t\t\t\t\t<\/div>\n\t\t<\/div>\n\t\t\t\t\t<\/div>\n\t\t<\/section>\n\t\t\t\t\t<\/div>\n\t\t<\/div>\n\t\t\t\t\t<\/div>\n\t\t<\/section>\n\t\t\t\t<section class=\"elementor-section elementor-top-section elementor-element elementor-element-1bf2933 elementor-section-full_width elementor-section-stretched elementor-section-height-default elementor-section-height-default\" data-id=\"1bf2933\" data-element_type=\"section\" data-e-type=\"section\" data-settings=\"{&quot;background_background&quot;:&quot;classic&quot;,&quot;stretch_section&quot;:&quot;section-stretched&quot;}\">\n\t\t\t\t\t\t<div class=\"elementor-container elementor-column-gap-no\">\n\t\t\t\t\t<div class=\"elementor-column elementor-col-100 elementor-top-column elementor-element elementor-element-eed5d08\" data-id=\"eed5d08\" data-element_type=\"column\" data-e-type=\"column\">\n\t\t\t<div class=\"elementor-widget-wrap elementor-element-populated\">\n\t\t\t\t\t\t<section class=\"elementor-section elementor-inner-section elementor-element elementor-element-1c638fd elementor-section-boxed elementor-section-height-default elementor-section-height-default\" data-id=\"1c638fd\" data-element_type=\"section\" data-e-type=\"section\">\n\t\t\t\t\t\t<div class=\"elementor-container elementor-column-gap-default\">\n\t\t\t\t\t<div class=\"elementor-column elementor-col-33 elementor-inner-column elementor-element elementor-element-67ef412\" data-id=\"67ef412\" data-element_type=\"column\" data-e-type=\"column\">\n\t\t\t<div class=\"elementor-widget-wrap elementor-element-populated\">\n\t\t\t\t\t\t<div class=\"elementor-element elementor-element-fd61830 elementor-widget elementor-widget-text-editor\" data-id=\"fd61830\" data-element_type=\"widget\" data-e-type=\"widget\" data-widget_type=\"text-editor.default\">\n\t\t\t\t<div class=\"elementor-widget-container\">\n\t\t\t\t\t\t\t\t\t<p><b>DELIBRA GmbH<br \/><\/b>Gro\u00dfe Strasse 52<br \/>D-24937 Flensburg<\/p>\t\t\t\t\t\t\t\t<\/div>\n\t\t\t\t<\/div>\n\t\t\t\t\t<\/div>\n\t\t<\/div>\n\t\t\t\t<div class=\"elementor-column elementor-col-33 elementor-inner-column elementor-element elementor-element-6d16ffe\" data-id=\"6d16ffe\" data-element_type=\"column\" data-e-type=\"column\">\n\t\t\t<div class=\"elementor-widget-wrap elementor-element-populated\">\n\t\t\t\t\t\t<div class=\"elementor-element elementor-element-04371b2 elementor-widget elementor-widget-text-editor\" data-id=\"04371b2\" data-element_type=\"widget\" data-e-type=\"widget\" data-widget_type=\"text-editor.default\">\n\t\t\t\t<div class=\"elementor-widget-container\">\n\t\t\t\t\t\t\t\t\t<p><b>DELIBRA ApS<br \/><\/b>Hermesvej 15<br \/>6330 Padborg<\/p>\t\t\t\t\t\t\t\t<\/div>\n\t\t\t\t<\/div>\n\t\t\t\t\t<\/div>\n\t\t<\/div>\n\t\t\t\t<div class=\"elementor-column elementor-col-33 elementor-inner-column elementor-element elementor-element-975079f\" data-id=\"975079f\" data-element_type=\"column\" data-e-type=\"column\">\n\t\t\t<div class=\"elementor-widget-wrap elementor-element-populated\">\n\t\t\t\t\t\t<div class=\"elementor-element elementor-element-c9eff2b elementor-widget elementor-widget-image\" data-id=\"c9eff2b\" data-element_type=\"widget\" data-e-type=\"widget\" data-widget_type=\"image.default\">\n\t\t\t\t<div class=\"elementor-widget-container\">\n\t\t\t\t\t\t\t\t\t\t\t\t\t\t\t<img decoding=\"async\" width=\"200\" height=\"81\" src=\"https:\/\/delibra.eu\/wp-content\/uploads\/2022\/01\/cropped-Design-uden-navn-4.png\" class=\"attachment-large size-large wp-image-345\" alt=\"\" \/>\t\t\t\t\t\t\t\t\t\t\t\t\t\t\t<\/div>\n\t\t\t\t<\/div>\n\t\t\t\t<div class=\"elementor-element elementor-element-c260633 elementor-widget elementor-widget-text-editor\" data-id=\"c260633\" data-element_type=\"widget\" data-e-type=\"widget\" data-widget_type=\"text-editor.default\">\n\t\t\t\t<div class=\"elementor-widget-container\">\n\t\t\t\t\t\t\t\t\t<p class=\"p1\"><span class=\"s1\">Mail: <strong><span class=\"s2\">mail@delibra.eu<\/span><\/strong><\/span><\/p>\t\t\t\t\t\t\t\t<\/div>\n\t\t\t\t<\/div>\n\t\t\t\t\t<\/div>\n\t\t<\/div>\n\t\t\t\t\t<\/div>\n\t\t<\/section>\n\t\t\t\t\t<\/div>\n\t\t<\/div>\n\t\t\t\t\t<\/div>\n\t\t<\/section>\n\t\t\t\t<\/div>","protected":false},"excerpt":{"rendered":"<p>Profil Delibra blev grundlagt i 2007, og har gennem de sidste 15 \u00e5r udviklet sig til at v\u00e6re en stabil og velfungerende virksomhed. Delibra forbliver den dag i dag en privatejet virksomhed, og besk\u00e6ftiger samlet 4 ansatte, som er placeret p\u00e5 hovedkontoret i Flensborg midtby. Udover sit hovedkontor i Flensborg, har Delibra en afdeling i&hellip;&nbsp;<a href=\"https:\/\/delibra.eu\/de\/om-os\/\" rel=\"bookmark\">Weiterlesen &raquo;<span class=\"screen-reader-text\">\u00dcber uns<\/span><\/a><\/p>","protected":false},"author":2,"featured_media":499,"parent":0,"menu_order":0,"comment_status":"closed","ping_status":"closed","template":"","meta":{"neve_meta_sidebar":"default","neve_meta_container":"default","neve_meta_enable_content_width":"off","neve_meta_content_width":100,"neve_meta_title_alignment":"left","neve_meta_author_avatar":"","neve_post_elements_order":"","neve_meta_disable_header":"off","neve_meta_disable_footer":"","neve_meta_disable_title":"off","footnotes":""},"class_list":["post-1192","page","type-page","status-publish","has-post-thumbnail","hentry"],"_links":{"self":[{"href":"https:\/\/delibra.eu\/de\/wp-json\/wp\/v2\/pages\/1192","targetHints":{"allow":["GET"]}}],"collection":[{"href":"https:\/\/delibra.eu\/de\/wp-json\/wp\/v2\/pages"}],"about":[{"href":"https:\/\/delibra.eu\/de\/wp-json\/wp\/v2\/types\/page"}],"author":[{"embeddable":true,"href":"https:\/\/delibra.eu\/de\/wp-json\/wp\/v2\/users\/2"}],"replies":[{"embeddable":true,"href":"https:\/\/delibra.eu\/de\/wp-json\/wp\/v2\/comments?post=1192"}],"version-history":[{"count":93,"href":"https:\/\/delibra.eu\/de\/wp-json\/wp\/v2\/pages\/1192\/revisions"}],"predecessor-version":[{"id":1648,"href":"https:\/\/delibra.eu\/de\/wp-json\/wp\/v2\/pages\/1192\/revisions\/1648"}],"wp:featuredmedia":[{"embeddable":true,"href":"https:\/\/delibra.eu\/de\/wp-json\/wp\/v2\/media\/499"}],"wp:attachment":[{"href":"https:\/\/delibra.eu\/de\/wp-json\/wp\/v2\/media?parent=1192"}],"curies":[{"name":"wp","href":"https:\/\/api.w.org\/{rel}","templated":true}]}}